{"id":2,"date":"2013-05-01T09:42:35","date_gmt":"2013-05-01T07:42:35","guid":{"rendered":"http:\/\/www.wiederholds.de\/wpnordstrasse\/?page_id=2"},"modified":"2021-09-24T17:13:18","modified_gmt":"2021-09-24T15:13:18","slug":"home","status":"publish","type":"page","link":"https:\/\/www.wiederholds.de\/wpnordstrasse\/","title":{"rendered":"HOME"},"content":{"rendered":"<p><strong>Liebe Nachbarinnen und Nachbarn,<\/strong><\/p>\n<p>vielleicht spazieren Sie ja in der Weihnachtszeit durch unser sch\u00f6nes Wohnviertel und erfreuen sich an den weihnachtlichen Lichtern und Dekorationen.<\/p>\n<p>In vielen Wohnungen wird Licht sein. Kaum jemand ist verreist, niemand sitzt zum Weihnachtsessen im Restaurant. Und leider wird nur wenig Besuch kommen k\u00f6nnen. Aber dass es uns allen so geht, ist ja tr\u00f6stlich. Wer wei\u00df, vielleicht haben die Erlebnisse dieses Jahres ja auch ihre sch\u00f6nen Seiten. M\u00f6glicherweise f\u00e4llt der Abschied von einigen alten Ritualen doch nicht so schwer, und neue M\u00f6glichkeiten tun sich auf, ein sch\u00f6nes Weihnachtsfest zu feiern.<\/p>\n<p>Wir w\u00fcnschen Ihnen und Ihren Familien jedenfalls eine sch\u00f6ne Weihnachtszeit und noch viel mehr ein gl\u00fcckliches und gesundes Jahr 2021.<\/p>\n<p><strong><span style=\"color: #800000;\">Herzliche Gr\u00fc\u00dfe vom Versch\u00f6nerungsverein Hohenzollernviertel e.V.<\/span><\/strong><\/p>\n<div id=\"attachment_654\" style=\"width: 1034px\" class=\"wp-caption alignnone\"><a href=\"http:\/\/www.wiederholds.de\/wpnordstrasse\/wp-content\/uploads\/hzv-040.jpg\"><img aria-describedby=\"caption-attachment-654\" loading=\"lazy\" class=\"wp-image-654 size-large\" src=\"http:\/\/www.wiederholds.de\/wpnordstrasse\/wp-content\/uploads\/hzv-040-1024x768.jpg\" alt=\"Adventssingen am 15.12.2019 mit dem Posaunenchor der Johannisgemeinde\" width=\"1024\" height=\"768\" srcset=\"https:\/\/www.wiederholds.de\/wpnordstrasse\/wp-content\/uploads\/hzv-040-1024x768.jpg 1024w, https:\/\/www.wiederholds.de\/wpnordstrasse\/wp-content\/uploads\/hzv-040-300x225.jpg 300w, https:\/\/www.wiederholds.de\/wpnordstrasse\/wp-content\/uploads\/hzv-040-768x576.jpg 768w\" sizes=\"(max-width: 1024px) 100vw, 1024px\" \/><\/a><p id=\"caption-attachment-654\" class=\"wp-caption-text\">Adventssingen (vor Corona)&nbsp; am 15.12.2019 mit dem Posaunenchor der Johannisgemeinde<\/p><\/div>\n<p><strong>Willkommen im Hohenzollernviertel in Witten.<\/strong><\/p>\n<p>Diese Homepage stellt unser Viertel und dessen BewohnerInnen vor.<br \/>\nWir freuen uns, allen Interessierten ein paar Informationen und Eindr\u00fccke unseres Viertels anzubieten.<\/p>\n<p>Klicken Sie sich durch und teilen uns Ihre Meinung und Ihre Anregungen mit.<\/p>\n<p>&nbsp;<\/p>\n<p>&nbsp;<\/p>\n","protected":false},"excerpt":{"rendered":"<p>Liebe Nachbarinnen und Nachbarn, vielleicht spazieren Sie ja in der Weihnachtszeit durch unser sch\u00f6nes Wohnviertel und erfreuen sich an den weihnachtlichen Lichtern und Dekorationen. In vielen Wohnungen wird Licht sein. Kaum jemand ist verreist, niemand sitzt zum Weihnachtsessen im Restaurant. Und leider wird nur wenig Besuch kommen k\u00f6nnen. Aber dass es uns allen so geht, &#8230;<a class=\"post-readmore\" href=\"https:\/\/www.wiederholds.de\/wpnordstrasse\/\">read more<\/a><\/p>\n","protected":false},"author":1,"featured_media":0,"parent":0,"menu_order":0,"comment_status":"closed","ping_status":"closed","template":"","meta":{"ngg_post_thumbnail":0},"_links":{"self":[{"href":"https:\/\/www.wiederholds.de\/wpnordstrasse\/wp-json\/wp\/v2\/pages\/2"}],"collection":[{"href":"https:\/\/www.wiederholds.de\/wpnordstrasse\/wp-json\/wp\/v2\/pages"}],"about":[{"href":"https:\/\/www.wiederholds.de\/wpnordstrasse\/wp-json\/wp\/v2\/types\/page"}],"author":[{"embeddable":true,"href":"https:\/\/www.wiederholds.de\/wpnordstrasse\/wp-json\/wp\/v2\/users\/1"}],"replies":[{"embeddable":true,"href":"https:\/\/www.wiederholds.de\/wpnordstrasse\/wp-json\/wp\/v2\/comments?post=2"}],"version-history":[{"count":35,"href":"https:\/\/www.wiederholds.de\/wpnordstrasse\/wp-json\/wp\/v2\/pages\/2\/revisions"}],"predecessor-version":[{"id":662,"href":"https:\/\/www.wiederholds.de\/wpnordstrasse\/wp-json\/wp\/v2\/pages\/2\/revisions\/662"}],"wp:attachment":[{"href":"https:\/\/www.wiederholds.de\/wpnordstrasse\/wp-json\/wp\/v2\/media?parent=2"}],"curies":[{"name":"wp","href":"https:\/\/api.w.org\/{rel}","templated":true}]}}